{"id":378,"date":"2022-08-26T07:57:33","date_gmt":"2022-08-26T07:57:33","guid":{"rendered":"https:\/\/www.ens.math-info.univ-paris5.fr\/?page_id=378"},"modified":"2025-09-04T09:16:37","modified_gmt":"2025-09-04T09:16:37","slug":"synchronisation-dagenda-avec-ade","status":"publish","type":"page","link":"https:\/\/www.ens.math-info.univ-paris5.fr\/?page_id=378","title":{"rendered":"Synchronisation d\u2019agenda avec Ade"},"content":{"rendered":"\n<p><\/p>\n\n\n\n<figure class=\"wp-block-image size-full\"><img loading=\"lazy\" decoding=\"async\" width=\"215\" height=\"84\" src=\"https:\/\/www.ens.math-info.univ-paris5.fr\/wp-content\/uploads\/2022\/08\/image-5.png\" alt=\"\" class=\"wp-image-390\"\/><\/figure>\n\n\n\n<h2 class=\"wp-block-heading has-black-color has-text-color\">Synchronisation d&#8217;agenda avec Ade Universit\u00e9 Paris Cit\u00e9<br><br><\/h2>\n\n\n\n<h2 class=\"wp-block-heading has-vivid-cyan-blue-color has-text-color\">Objectif:<br><\/h2>\n\n\n\n<p>S\u2019abonner \u00e0 son emploi du temps ADE dans un client de messagerie (avec mise \u00e0 jour, sans doublon)<br><\/p>\n\n\n\n<h2 class=\"wp-block-heading has-vivid-cyan-blue-color has-text-color\">Pr\u00e9requis:<\/h2>\n\n\n\n<p class=\"has-black-color has-text-color\"><br>&#8211; Avoir acc\u00e8s \u00e0 son planning ADE : <a href=\"https:\/\/adeconsult.app.u-pariscite.fr\/direct\">https:\/\/adeconsult.app.u-pariscite.fr\/direct<\/a><br>&#8211; Clients de messagerie ou d\u2019agenda :<br><\/p>\n\n\n\n<h2 class=\"wp-block-heading has-vivid-cyan-blue-color has-text-color\"><br>Description:<br><\/h2>\n\n\n\n<p>Cette note technique d\u00e9crit comment synchroniser automatiquement ADE avec votre outil d\u2019agenda.<br>La d\u00e9marche repose non pas sur l&#8217;importation de votre calendrier ADE dans votre outil d\u2019agenda<br>mais sur la cr\u00e9ation d\u2019un abonnement \u00e0 votre compte ADE dans votre outil d\u2019agenda.<br><\/p>\n\n\n\n<p>Il existe deux m\u00e9thodes pour ajouter un calendrier:<br>&#8211; En important un calendrier sous forme de fichier ICS : il s&#8217;agit d&#8217;un calendrier statique (capture<br>instantan\u00e9e des rendez-vous du calendrier au moment de l&#8217;importation), qui n&#8217;est pas mis \u00e0 jour<br>automatiquement. Chaque nouvel import cr\u00e9e des doublons des \u00e9v\u00e9nements.<br>&#8211; En s&#8217;abonnant \u00e0 un calendrier en ligne (sous forme d&#8217;abonnement ICS ou d&#8217;abonnement iCal).<br><\/p>\n\n\n\n<p>L&#8217;abonnement \u00e0 un calendrier iCal \/ ICS en ligne a pour effet de le connecter \u00e0 votre client de<br>calendrier.<br><\/p>\n\n\n\n<p>Chaque fois que le propri\u00e9taire du fichier iCal apporte des modifications, celles-ci peuvent s&#8217;afficher<br>automatiquement dans votre calendrier.<br><\/p>\n\n\n\n<p>Nous utilisons ici la seconde m\u00e9thode<\/p>\n\n\n\n<p><\/p>\n\n\n\n<h2 class=\"wp-block-heading\"><br>Etape 1 : Obtention de l\u2019URL d\u2019export de son calendrier ADE<\/h2>\n\n\n\n<p><br>1) Consultez votre calendrier ADE via <a href=\"https:\/\/adeconsult.app.u-pariscite.fr\/direct\">https:\/\/adeconsult.app.u-pariscite.fr\/direct<\/a><br>2) S\u00e9lectionnez les ressources que vous souhaitez r\u00e9cup\u00e9rer :<\/p>\n\n\n\n<p><\/p>\n\n\n\n<figure class=\"wp-block-image size-full\"><img loading=\"lazy\" decoding=\"async\" width=\"640\" height=\"360\" src=\"https:\/\/www.ens.math-info.univ-paris5.fr\/wp-content\/uploads\/2022\/08\/image.png\" alt=\"\" class=\"wp-image-384\" srcset=\"https:\/\/www.ens.math-info.univ-paris5.fr\/wp-content\/uploads\/2022\/08\/image.png 640w, https:\/\/www.ens.math-info.univ-paris5.fr\/wp-content\/uploads\/2022\/08\/image-300x169.png 300w\" sizes=\"(max-width: 640px) 100vw, 640px\" \/><\/figure>\n\n\n\n<p><\/p>\n\n\n\n<p><br>3) \u00ab Export Agenda \u00bb :<\/p>\n\n\n\n<figure class=\"wp-block-image size-full\"><img loading=\"lazy\" decoding=\"async\" width=\"256\" height=\"103\" src=\"https:\/\/www.ens.math-info.univ-paris5.fr\/wp-content\/uploads\/2022\/08\/image-2.png\" alt=\"\" class=\"wp-image-386\"\/><\/figure>\n\n\n\n<p><\/p>\n\n\n\n<p>4) S\u00e9lectionnez la p\u00e9riode que vous souhaitez exporter \u00e0 l\u2019aide des champs \u00ab date de<br>d\u00e9but \u00bb et \u00ab date de fin \u00bb, puis cliquez sur \u00ab G\u00e9n\u00e9rer URL \u00bb :<\/p>\n\n\n\n<figure class=\"wp-block-image size-full\"><img loading=\"lazy\" decoding=\"async\" width=\"828\" height=\"490\" src=\"https:\/\/www.ens.math-info.univ-paris5.fr\/wp-content\/uploads\/2022\/08\/image-3.png\" alt=\"\" class=\"wp-image-387\" srcset=\"https:\/\/www.ens.math-info.univ-paris5.fr\/wp-content\/uploads\/2022\/08\/image-3.png 828w, https:\/\/www.ens.math-info.univ-paris5.fr\/wp-content\/uploads\/2022\/08\/image-3-300x178.png 300w, https:\/\/www.ens.math-info.univ-paris5.fr\/wp-content\/uploads\/2022\/08\/image-3-768x454.png 768w\" sizes=\"(max-width: 828px) 100vw, 828px\" \/><\/figure>\n\n\n\n<p><\/p>\n\n\n\n<p><\/p>\n\n\n\n<p>5) Une URL et un QR Code sont g\u00e9n\u00e9r\u00e9s :<\/p>\n\n\n\n<figure class=\"wp-block-image size-full\"><img loading=\"lazy\" decoding=\"async\" width=\"691\" height=\"325\" src=\"https:\/\/www.ens.math-info.univ-paris5.fr\/wp-content\/uploads\/2024\/08\/image.png\" alt=\"\" class=\"wp-image-428\" srcset=\"https:\/\/www.ens.math-info.univ-paris5.fr\/wp-content\/uploads\/2024\/08\/image.png 691w, https:\/\/www.ens.math-info.univ-paris5.fr\/wp-content\/uploads\/2024\/08\/image-300x141.png 300w, https:\/\/www.ens.math-info.univ-paris5.fr\/wp-content\/uploads\/2024\/08\/image-520x245.png 520w\" sizes=\"(max-width: 691px) 100vw, 691px\" \/><\/figure>\n\n\n\n<p><\/p>\n\n\n\n<h2 class=\"wp-block-heading has-vivid-cyan-blue-color has-text-color\">Etape 2 : Int\u00e9gration de l\u2019URL d\u2019export ADE dans son outil d\u2019agenda<\/h2>\n\n\n\n<p><\/p>\n\n\n\n<p>Cette \u00e9tape d\u00e9pend de votre Agenda.<\/p>\n\n\n\n<p>L&#8217;exemple ici est donn\u00e9 pour Thunderbird et son module Lightning<\/p>\n\n\n\n<p><\/p>\n\n\n\n<p class=\"has-vivid-cyan-blue-color has-text-color\">Int\u00e9gration dans Lightning de Thunderbird <\/p>\n\n\n\n<p><br>2.1) \u00ab Agenda \u00bb &gt; \u00ab Nouvel Agenda \u00bb :<\/p>\n\n\n\n<p><\/p>\n\n\n\n<p><\/p>\n\n\n\n<figure class=\"wp-block-image size-full\"><img loading=\"lazy\" decoding=\"async\" width=\"499\" height=\"412\" src=\"https:\/\/www.ens.math-info.univ-paris5.fr\/wp-content\/uploads\/2022\/08\/image-6.png\" alt=\"\" class=\"wp-image-394\" srcset=\"https:\/\/www.ens.math-info.univ-paris5.fr\/wp-content\/uploads\/2022\/08\/image-6.png 499w, https:\/\/www.ens.math-info.univ-paris5.fr\/wp-content\/uploads\/2022\/08\/image-6-300x248.png 300w\" sizes=\"(max-width: 499px) 100vw, 499px\" \/><\/figure>\n\n\n\n<p class=\"has-black-color has-text-color\">S\u00e9l\u00e9ctionner sur le R\u00e9seau<\/p>\n\n\n\n<p><\/p>\n\n\n\n<figure class=\"wp-block-image size-full\"><img loading=\"lazy\" decoding=\"async\" width=\"499\" height=\"412\" src=\"https:\/\/www.ens.math-info.univ-paris5.fr\/wp-content\/uploads\/2022\/08\/image-7.png\" alt=\"\" class=\"wp-image-395\" srcset=\"https:\/\/www.ens.math-info.univ-paris5.fr\/wp-content\/uploads\/2022\/08\/image-7.png 499w, https:\/\/www.ens.math-info.univ-paris5.fr\/wp-content\/uploads\/2022\/08\/image-7-300x248.png 300w\" sizes=\"(max-width: 499px) 100vw, 499px\" \/><\/figure>\n\n\n\n<p>Coller l&#8217;url g\u00e9n\u00e9r\u00e9e<\/p>\n\n\n\n<p>Bien cocher &#8220;cette adressene demande pas d&#8217;identifiants de connexion&#8221;<\/p>\n\n\n\n<p><\/p>\n\n\n\n<figure class=\"wp-block-image size-full\"><img loading=\"lazy\" decoding=\"async\" width=\"577\" height=\"419\" src=\"https:\/\/www.ens.math-info.univ-paris5.fr\/wp-content\/uploads\/2022\/08\/image-8.png\" alt=\"\" class=\"wp-image-396\" srcset=\"https:\/\/www.ens.math-info.univ-paris5.fr\/wp-content\/uploads\/2022\/08\/image-8.png 577w, https:\/\/www.ens.math-info.univ-paris5.fr\/wp-content\/uploads\/2022\/08\/image-8-300x218.png 300w\" sizes=\"(max-width: 577px) 100vw, 577px\" \/><\/figure>\n\n\n\n<p>Cliquer sur &#8220;s&#8217;abonner&#8221;<\/p>\n\n\n\n<p><\/p>\n\n\n\n<figure class=\"wp-block-image size-large\"><img loading=\"lazy\" decoding=\"async\" width=\"1024\" height=\"551\" src=\"https:\/\/www.ens.math-info.univ-paris5.fr\/wp-content\/uploads\/2022\/08\/image-9-1024x551.png\" alt=\"\" class=\"wp-image-397\" srcset=\"https:\/\/www.ens.math-info.univ-paris5.fr\/wp-content\/uploads\/2022\/08\/image-9-1024x551.png 1024w, https:\/\/www.ens.math-info.univ-paris5.fr\/wp-content\/uploads\/2022\/08\/image-9-300x162.png 300w, https:\/\/www.ens.math-info.univ-paris5.fr\/wp-content\/uploads\/2022\/08\/image-9-768x414.png 768w, https:\/\/www.ens.math-info.univ-paris5.fr\/wp-content\/uploads\/2022\/08\/image-9.png 1064w\" sizes=\"(max-width: 1024px) 100vw, 1024px\" \/><\/figure>\n\n\n\n<p>Votre agenda est synchronis\u00e9<\/p>\n","protected":false},"excerpt":{"rendered":"<p>Synchronisation d&#8217;agenda avec Ade Universit\u00e9 Paris Cit\u00e9 Objectif: S\u2019abonner \u00e0 son emploi du temps ADE dans un client de messagerie (avec mise \u00e0 jour, sans doublon) Pr\u00e9requis: &#8211; Avoir acc\u00e8s \u00e0 son planning ADE&#46;&#46;&#46;<\/p>\n","protected":false},"author":1,"featured_media":0,"parent":0,"menu_order":0,"comment_status":"closed","ping_status":"closed","template":"","meta":{"footnotes":""},"_links":{"self":[{"href":"https:\/\/www.ens.math-info.univ-paris5.fr\/index.php?rest_route=\/wp\/v2\/pages\/378"}],"collection":[{"href":"https:\/\/www.ens.math-info.univ-paris5.fr\/index.php?rest_route=\/wp\/v2\/pages"}],"about":[{"href":"https:\/\/www.ens.math-info.univ-paris5.fr\/index.php?rest_route=\/wp\/v2\/types\/page"}],"author":[{"embeddable":true,"href":"https:\/\/www.ens.math-info.univ-paris5.fr\/index.php?rest_route=\/wp\/v2\/users\/1"}],"replies":[{"embeddable":true,"href":"https:\/\/www.ens.math-info.univ-paris5.fr\/index.php?rest_route=%2Fwp%2Fv2%2Fcomments&post=378"}],"version-history":[{"count":27,"href":"https:\/\/www.ens.math-info.univ-paris5.fr\/index.php?rest_route=\/wp\/v2\/pages\/378\/revisions"}],"predecessor-version":[{"id":432,"href":"https:\/\/www.ens.math-info.univ-paris5.fr\/index.php?rest_route=\/wp\/v2\/pages\/378\/revisions\/432"}],"wp:attachment":[{"href":"https:\/\/www.ens.math-info.univ-paris5.fr\/index.php?rest_route=%2Fwp%2Fv2%2Fmedia&parent=378"}],"curies":[{"name":"wp","href":"https:\/\/api.w.org\/{rel}","templated":true}]}}