{"id":339,"date":"2019-09-03T07:05:43","date_gmt":"2019-09-03T07:05:43","guid":{"rendered":"http:\/\/www.ens.math-info.univ-paris5.fr\/?page_id=339"},"modified":"2020-11-10T12:52:00","modified_gmt":"2020-11-10T12:52:00","slug":"compte-informatique","status":"publish","type":"page","link":"https:\/\/www.ens.math-info.univ-paris5.fr\/?page_id=339","title":{"rendered":"Compte informatique"},"content":{"rendered":"\n<h1 class=\"wp-block-heading\" id=\"compte_informatique\"><\/h1>\n\n\n\n<h2 class=\"wp-block-heading\" id=\"pre-requis\">Pr\u00e9-requis<\/h2>\n\n\n\n<p>Vous devez avoir effectu\u00e9 votre inscription p\u00e9dagogique<\/p>\n\n\n\n<h2 class=\"wp-block-heading\" id=\"loginmot_de_passe\">Login \/ Mot de passe<\/h2>\n\n\n\n<p>Login et mot de passe sont d\u00e9livr\u00e9s par les administrateurs du r\u00e9seau de l\u2019UFR. Ce compte vous suivra tout le long de votre scolarit\u00e9 \u00e0 l\u2019UFR d\u2019Informatique.<\/p>\n\n\n\n<p>Ce compte vous permet de vous connecter sur les machines de TP, et sur les serveurs qui sont mis \u00e0 votre disposition.<br>Ce compte permet \u00e9galement de vous connecter depuis l\u2019ext\u00e9rieur de l\u2019universit\u00e9.<\/p>\n\n\n\n<h4 class=\"wp-block-heading\" id=\"login\">Login<\/h4>\n\n\n\n<p>Votre Login vous a \u00e9t\u00e9 attribu\u00e9 au moment de votre inscription<\/p>\n\n\n\n<h4 class=\"wp-block-heading\" id=\"mot_de_passe\">Mot de Passe<\/h4>\n\n\n\n<p>Le mot de passe est&nbsp;<em>strictement personnel<\/em>&nbsp;et ne doit \u00eatre en aucun cas divulgu\u00e9 \u00e0 quelqu\u2019un d\u2019autre.<\/p>\n\n\n\n<p>Vous \u00eates responsable de votre compte. A vous donc de prendre les mesures n\u00e9cessaires pour \u00e9viter toute action malveillante qui pourrait \u00eatre effectu\u00e9e avec celui ci.<\/p>\n\n\n\n<h4 class=\"wp-block-heading\" id=\"compte_ent_et_compte_ufr\">Compte ENT et Compte UFR<\/h4>\n\n\n\n<p><strong>ATTENTION :&nbsp;<\/strong>Ne confondez pas&nbsp;<em>votre compte de&nbsp;l\u2019ENT<\/em>&nbsp;qui vous est fourni par l\u2019Universit\u00e9 avec votre carte d\u2019\u00e9tudiant et&nbsp;<em>votre compte UFR<\/em>&nbsp;fourni par l\u2019administrateur de l\u2019UFR d\u2019Informatique.<\/p>\n\n\n\n<p>Les deux comptes sont ind\u00e9pendants :<\/p>\n\n\n\n<ul><li>compte ENT : Connexion aux services de l\u2019universit\u00e9: WIFI, et \u00e0 l\u2019ENT<\/li><li>compte UFR : Connexion aux salles TP et aux serveurs de l\u2019UFR.<\/li><\/ul>\n\n\n\n<h2 class=\"wp-block-heading\" id=\"comment_securiser_mon_compte\">Comment s\u00e9curiser mon compte ?<\/h2>\n\n\n\n<p><strong>Votre compte est confidentiel et personnel&nbsp;<\/strong>. Chaque \u00e9tudiant est responsable de son compte et des actions faites avec celui-ci. Toute action faite avec votre compte, m\u00eame par un tier, rel\u00e8vera de votre responsabilit\u00e9.<\/p>\n\n\n\n<ul><li>Ne divulguez pas votre mot de passe<\/li><li>M\u00e9morisez votre mot de passe. Ne l\u2019\u00e9crivez pas sur un bout de papier, ne le tapez pas en clair et ne l\u2019affichez pas.<\/li><li>Changer imm\u00e9diatement votre mot de passe \u00e0 la premi\u00e8re connexion.<\/li><li>Choisissez un mot de passe \u201cdifficile\u201d \u00e0 deviner<\/li><li>En cas de doutes changer votre mot de passe imm\u00e9diatement.<\/li><li>Une fois connect\u00e9, ne laissez pas votre terminal sans surveillance.<\/li><li>Pensez \u00e0 vous d\u00e9connecter de votre session quand vous vous absenter de l\u2019ordinateur.<\/li><\/ul>\n\n\n\n<p><strong>Pour rappel le changement de mot de passe se fait par le terminal:<\/strong><\/p>\n\n\n\n<p><strong>Ouvrir l&#8217;application Terminale, \u00e0 l&#8217;invite de commande, tapez la commande passwd suivi de Enter:<br>il vous sera demand\u00e9 le mot de passe actuel<br>Vous devrez le saisir et saisir 2 fois le nouveau mot de passe<\/strong><\/p>\n","protected":false},"excerpt":{"rendered":"<p>Pr\u00e9-requis Vous devez avoir effectu\u00e9 votre inscription p\u00e9dagogique Login \/ Mot de passe Login et mot de passe sont d\u00e9livr\u00e9s par les administrateurs du r\u00e9seau de l\u2019UFR. Ce compte vous suivra tout le long&#46;&#46;&#46;<\/p>\n","protected":false},"author":1,"featured_media":0,"parent":0,"menu_order":0,"comment_status":"closed","ping_status":"closed","template":"","meta":{"footnotes":""},"_links":{"self":[{"href":"https:\/\/www.ens.math-info.univ-paris5.fr\/index.php?rest_route=\/wp\/v2\/pages\/339"}],"collection":[{"href":"https:\/\/www.ens.math-info.univ-paris5.fr\/index.php?rest_route=\/wp\/v2\/pages"}],"about":[{"href":"https:\/\/www.ens.math-info.univ-paris5.fr\/index.php?rest_route=\/wp\/v2\/types\/page"}],"author":[{"embeddable":true,"href":"https:\/\/www.ens.math-info.univ-paris5.fr\/index.php?rest_route=\/wp\/v2\/users\/1"}],"replies":[{"embeddable":true,"href":"https:\/\/www.ens.math-info.univ-paris5.fr\/index.php?rest_route=%2Fwp%2Fv2%2Fcomments&post=339"}],"version-history":[{"count":3,"href":"https:\/\/www.ens.math-info.univ-paris5.fr\/index.php?rest_route=\/wp\/v2\/pages\/339\/revisions"}],"predecessor-version":[{"id":372,"href":"https:\/\/www.ens.math-info.univ-paris5.fr\/index.php?rest_route=\/wp\/v2\/pages\/339\/revisions\/372"}],"wp:attachment":[{"href":"https:\/\/www.ens.math-info.univ-paris5.fr\/index.php?rest_route=%2Fwp%2Fv2%2Fmedia&parent=339"}],"curies":[{"name":"wp","href":"https:\/\/api.w.org\/{rel}","templated":true}]}}