{"id":246,"date":"2019-07-09T10:03:52","date_gmt":"2019-07-09T10:03:52","guid":{"rendered":"http:\/\/www.ens.math-info.univ-paris5.fr\/?page_id=246"},"modified":"2022-08-26T07:19:56","modified_gmt":"2022-08-26T07:19:56","slug":"forge","status":"publish","type":"page","link":"https:\/\/www.ens.math-info.univ-paris5.fr\/?page_id=246","title":{"rendered":"Forge"},"content":{"rendered":"<p><a href=\"https:\/\/forge.ens.math-info.univ-paris5.fr\"><img loading=\"lazy\" decoding=\"async\" class=\"alignnone wp-image-233 size-full\" src=\"https:\/\/www.ens.math-info.univ-paris5.fr\/wp-content\/uploads\/2019\/07\/logo-redmind.png\" alt=\"\" width=\"250\" height=\"250\" srcset=\"https:\/\/www.ens.math-info.univ-paris5.fr\/wp-content\/uploads\/2019\/07\/logo-redmind.png 250w, https:\/\/www.ens.math-info.univ-paris5.fr\/wp-content\/uploads\/2019\/07\/logo-redmind-150x150.png 150w, https:\/\/www.ens.math-info.univ-paris5.fr\/wp-content\/uploads\/2019\/07\/logo-redmind-160x160.png 160w\" sizes=\"(max-width: 250px) 100vw, 250px\" \/><\/a><\/p>\n<p><span style=\"color: #000000;\">La forge de la licence d&#8217;Informatique de Paris Descartes<\/span><\/p>\n<p><span style=\"color: #000000;\">Redmine est une application de gestion collaborative de projets<\/span><\/p>\n<h3>Des fonctionnalit\u00e9s de gestion de projet.<\/h3>\n<ul>\n<li>Gestion de plusieurs projets, param\u00e9trables comme priv\u00e9s ou publics\u00a0; actif ou archiv\u00e9s.<\/li>\n<li>Gestion des utilisateurs\u00a0: attribution d\u2019un r\u00f4le \u00e0 chaque utilisateur selon les projets.<\/li>\n<li>Gestion des demandes\u00a0: le chef de projet attribue \u00e0 chaque membre du projet des t\u00e2ches. Ces derni\u00e8res peuvent \u00e9galement \u00eatre attribu\u00e9es \u00e0 un groupe de personne.<\/li>\n<\/ul>\n<p>Le logiciel permet un suivi op\u00e9rationnel de projet gr\u00e2ce aux diagrammes de Gantt, aux calendriers, au suivi du temps pass\u00e9 sur chaque projet<\/p>\n<h3>Des fonctionnalit\u00e9s de partage et de collaboration.<\/h3>\n<p>Le logiciel dispose de wikis, de forums et d\u2019un syst\u00e8me de commentaires li\u00e9s \u00e0 chaque projet.<\/p>\n<p>Un syst\u00e8me permet d\u2019associer des documents \u00e0 chaque projet, permettant de regrouper en un unique endroit toutes les ressources n\u00e9cessaires au d\u00e9veloppement du projet.<\/p>\n<p>Une gestion des versions des documents est \u00e9galement inclue.<\/p>\n<p><a href=\"https:\/\/forge.ens.math-info.univ-paris5.fr\">https:\/\/forge.ens.math-info.univ-paris5.fr<\/a><\/p>\n\n\n<p><\/p>\n","protected":false},"excerpt":{"rendered":"<p>La forge de la licence d&#8217;Informatique de Paris Descartes Redmine est une application de gestion collaborative de projets Des fonctionnalit\u00e9s de gestion de projet. Gestion de plusieurs projets, param\u00e9trables comme priv\u00e9s ou publics\u00a0; actif&#46;&#46;&#46;<\/p>\n","protected":false},"author":1,"featured_media":233,"parent":0,"menu_order":0,"comment_status":"closed","ping_status":"closed","template":"","meta":{"footnotes":""},"_links":{"self":[{"href":"https:\/\/www.ens.math-info.univ-paris5.fr\/index.php?rest_route=\/wp\/v2\/pages\/246"}],"collection":[{"href":"https:\/\/www.ens.math-info.univ-paris5.fr\/index.php?rest_route=\/wp\/v2\/pages"}],"about":[{"href":"https:\/\/www.ens.math-info.univ-paris5.fr\/index.php?rest_route=\/wp\/v2\/types\/page"}],"author":[{"embeddable":true,"href":"https:\/\/www.ens.math-info.univ-paris5.fr\/index.php?rest_route=\/wp\/v2\/users\/1"}],"replies":[{"embeddable":true,"href":"https:\/\/www.ens.math-info.univ-paris5.fr\/index.php?rest_route=%2Fwp%2Fv2%2Fcomments&post=246"}],"version-history":[{"count":10,"href":"https:\/\/www.ens.math-info.univ-paris5.fr\/index.php?rest_route=\/wp\/v2\/pages\/246\/revisions"}],"predecessor-version":[{"id":377,"href":"https:\/\/www.ens.math-info.univ-paris5.fr\/index.php?rest_route=\/wp\/v2\/pages\/246\/revisions\/377"}],"wp:featuredmedia":[{"embeddable":true,"href":"https:\/\/www.ens.math-info.univ-paris5.fr\/index.php?rest_route=\/wp\/v2\/media\/233"}],"wp:attachment":[{"href":"https:\/\/www.ens.math-info.univ-paris5.fr\/index.php?rest_route=%2Fwp%2Fv2%2Fmedia&parent=246"}],"curies":[{"name":"wp","href":"https:\/\/api.w.org\/{rel}","templated":true}]}}