{"id":105,"date":"2018-07-15T08:04:11","date_gmt":"2018-07-15T08:04:11","guid":{"rendered":"http:\/\/www.ens.math-info.univ-paris5.fr\/www-ng\/?page_id=105"},"modified":"2019-09-05T12:33:16","modified_gmt":"2019-09-05T12:33:16","slug":"home","status":"publish","type":"page","link":"https:\/\/www.ens.math-info.univ-paris5.fr\/","title":{"rendered":"Home"},"content":{"rendered":"<p style=\"text-align: center;\"><span style=\"color: #000000;\">Bienvenue sur la page du service Informatique.<\/span><\/p>\n<p><span style=\"color: #000000;\">Vous trouverez notamment ici des informations sur l&#8217;utilisation des syst\u00e8mes informatiques \u00e0 l&#8217;UFR de Math\u00e9matiques et d&#8217;Informatique<\/span><\/p>\n\n\n<p><\/p>\n","protected":false},"excerpt":{"rendered":"<p>Bienvenue sur la page du service Informatique. Vous trouverez notamment ici des informations sur l&#8217;utilisation des syst\u00e8mes informatiques \u00e0 l&#8217;UFR de Math\u00e9matiques et d&#8217;Informatique<\/p>\n","protected":false},"author":1,"featured_media":0,"parent":0,"menu_order":0,"comment_status":"closed","ping_status":"closed","template":"","meta":{"footnotes":""},"_links":{"self":[{"href":"https:\/\/www.ens.math-info.univ-paris5.fr\/index.php?rest_route=\/wp\/v2\/pages\/105"}],"collection":[{"href":"https:\/\/www.ens.math-info.univ-paris5.fr\/index.php?rest_route=\/wp\/v2\/pages"}],"about":[{"href":"https:\/\/www.ens.math-info.univ-paris5.fr\/index.php?rest_route=\/wp\/v2\/types\/page"}],"author":[{"embeddable":true,"href":"https:\/\/www.ens.math-info.univ-paris5.fr\/index.php?rest_route=\/wp\/v2\/users\/1"}],"replies":[{"embeddable":true,"href":"https:\/\/www.ens.math-info.univ-paris5.fr\/index.php?rest_route=%2Fwp%2Fv2%2Fcomments&post=105"}],"version-history":[{"count":7,"href":"https:\/\/www.ens.math-info.univ-paris5.fr\/index.php?rest_route=\/wp\/v2\/pages\/105\/revisions"}],"predecessor-version":[{"id":358,"href":"https:\/\/www.ens.math-info.univ-paris5.fr\/index.php?rest_route=\/wp\/v2\/pages\/105\/revisions\/358"}],"wp:attachment":[{"href":"https:\/\/www.ens.math-info.univ-paris5.fr\/index.php?rest_route=%2Fwp%2Fv2%2Fmedia&parent=105"}],"curies":[{"name":"wp","href":"https:\/\/api.w.org\/{rel}","templated":true}]}}